{"id":5839,"date":"2025-06-24T16:52:30","date_gmt":"2025-06-24T23:52:30","guid":{"rendered":"https:\/\/worldautoauction.com\/?post_type=product&#038;p=5839"},"modified":"2025-06-24T16:54:02","modified_gmt":"2025-06-24T23:54:02","slug":"nissan-sentra-sedan-2015-transmision-manual-de-6-velocidades-copy-copy","status":"uat_in_auction","type":"product","link":"https:\/\/staging.worldautoauction.com\/es\/producto\/nissan-sentra-sedan-2015-transmision-manual-de-6-velocidades-copy-copy\/","title":{"rendered":"Nissan Sentra Sed\u00e1n 2015 Transmisi\u00f3n manual de 6 velocidades (Copy) (Copy)"},"content":{"rendered":"<p><br \/>\n<iframe  id=\"_ytid_60678\"  width=\"800\" height=\"450\"  data-origwidth=\"800\" data-origheight=\"450\" src=\"https:\/\/www.youtube.com\/embed\/pQq-kRCfR8M[\/embedyt]?enablejsapi=1&#038;autoplay=0&#038;cc_load_policy=0&#038;cc_lang_pref=&#038;iv_load_policy=1&#038;loop=1&#038;playlist=pQq-kRCfR8M[\/embedyt]&#038;rel=1&#038;fs=1&#038;playsinline=0&#038;autohide=2&#038;theme=dark&#038;color=red&#038;controls=1&#038;\" class=\"__youtube_prefs__  epyt-is-override  no-lazyload\" title=\"YouTube player\"  allow=\"fullscreen; accelerometer; autoplay; clipboard-write; encrypted-media; gyroscope; picture-in-picture\" allowfullscreen data-no-lazy=\"1\" data-skipgform_ajax_framebjll=\"\"><\/iframe><\/p>\n","protected":false},"excerpt":{"rendered":"","protected":false},"featured_media":5645,"comment_status":"open","ping_status":"closed","template":"","meta":{"_acf_changed":false,"jetpack_post_was_ever_published":false,"jetpack_publicize_message":"","jetpack_publicize_feature_enabled":true,"jetpack_social_post_already_shared":true,"jetpack_social_options":{"image_generator_settings":{"template":"dois","default_image_id":0,"font":"","enabled":false},"version":2}},"product_brand":[],"product_cat":[],"product_tag":[],"class_list":{"0":"post-5839","1":"product","2":"type-product","3":"status-uat_in_auction","4":"has-post-thumbnail","7":"first","8":"instock","9":"sold-individually","10":"taxable","11":"shipping-taxable","12":"product-type-auction"},"acf":[],"yoast_head":"<!-- This site is optimized with the Yoast SEO plugin v25.9 - https:\/\/yoast.com\/wordpress\/plugins\/seo\/ -->\n<title>Nissan Sentra Sed\u00e1n 2015 Transmisi\u00f3n manual de 6 velocidades (Copy) (Copy) | Online Car Auction<\/title>\n<meta name=\"description\" content=\"Bid now on this Nissan Sentra Sed\u00e1n 2015 Transmisi\u00f3n manual de 6 velocidades (Copy) (Copy) with clean title, low reserve, and verified details. Fast pickup and nationwide delivery available.\" \/>\n<meta name=\"robots\" content=\"index, follow, max-snippet:-1, max-image-preview:large, max-video-preview:-1\" \/>\n<link rel=\"canonical\" href=\"https:\/\/staging.worldautoauction.com\/es\/producto\/nissan-sentra-sedan-2015-transmision-manual-de-6-velocidades-copy-copy\/\" \/>\n<meta property=\"og:locale\" content=\"es_ES\" \/>\n<meta property=\"og:type\" content=\"article\" \/>\n<meta property=\"og:title\" content=\"Nissan Sentra Sed\u00e1n 2015 Transmisi\u00f3n manual de 6 velocidades (Copy) (Copy) | Online Car Auction\" \/>\n<meta property=\"og:description\" content=\"Bid now on this Nissan Sentra Sed\u00e1n 2015 Transmisi\u00f3n manual de 6 velocidades (Copy) (Copy) with clean title, low reserve, and verified details. Fast pickup and nationwide delivery available.\" \/>\n<meta property=\"og:url\" content=\"https:\/\/staging.worldautoauction.com\/es\/producto\/nissan-sentra-sedan-2015-transmision-manual-de-6-velocidades-copy-copy\/\" \/>\n<meta property=\"og:site_name\" content=\"World Auto Auction\" \/>\n<meta property=\"article:publisher\" content=\"https:\/\/www.facebook.com\/Worldautoauction\/\" \/>\n<meta property=\"article:modified_time\" content=\"2025-06-24T23:54:02+00:00\" \/>\n<meta property=\"og:image\" content=\"https:\/\/staging.worldautoauction.com\/wp-content\/uploads\/2025\/04\/2015-nissan-sentra-s.jpg\" \/>\n\t<meta property=\"og:image:width\" content=\"960\" \/>\n\t<meta property=\"og:image:height\" content=\"720\" \/>\n\t<meta property=\"og:image:type\" content=\"image\/jpeg\" \/>\n<meta name=\"twitter:card\" content=\"summary_large_image\" \/>\n<meta name=\"twitter:site\" content=\"@WAutoAuction\" \/>\n<!-- \/ Yoast SEO plugin. -->","yoast_head_json":{"title":"Nissan Sentra Sed\u00e1n 2015 Transmisi\u00f3n manual de 6 velocidades (Copy) (Copy) | Online Car Auction","description":"Bid now on this Nissan Sentra Sed\u00e1n 2015 Transmisi\u00f3n manual de 6 velocidades (Copy) (Copy) with clean title, low reserve, and verified details. Fast pickup and nationwide delivery available.","robots":{"index":"index","follow":"follow","max-snippet":"max-snippet:-1","max-image-preview":"max-image-preview:large","max-video-preview":"max-video-preview:-1"},"canonical":"https:\/\/staging.worldautoauction.com\/es\/producto\/nissan-sentra-sedan-2015-transmision-manual-de-6-velocidades-copy-copy\/","og_locale":"es_ES","og_type":"article","og_title":"Nissan Sentra Sed\u00e1n 2015 Transmisi\u00f3n manual de 6 velocidades (Copy) (Copy) | Online Car Auction","og_description":"Bid now on this Nissan Sentra Sed\u00e1n 2015 Transmisi\u00f3n manual de 6 velocidades (Copy) (Copy) with clean title, low reserve, and verified details. Fast pickup and nationwide delivery available.","og_url":"https:\/\/staging.worldautoauction.com\/es\/producto\/nissan-sentra-sedan-2015-transmision-manual-de-6-velocidades-copy-copy\/","og_site_name":"World Auto Auction","article_publisher":"https:\/\/www.facebook.com\/Worldautoauction\/","article_modified_time":"2025-06-24T23:54:02+00:00","og_image":[{"width":960,"height":720,"url":"https:\/\/staging.worldautoauction.com\/wp-content\/uploads\/2025\/04\/2015-nissan-sentra-s.jpg","type":"image\/jpeg"}],"twitter_card":"summary_large_image","twitter_site":"@WAutoAuction","schema":{"@context":"https:\/\/schema.org","@graph":[{"@type":["WebPage","ItemPage"],"@id":"https:\/\/staging.worldautoauction.com\/es\/producto\/nissan-sentra-sedan-2015-transmision-manual-de-6-velocidades-copy-copy\/","url":"https:\/\/staging.worldautoauction.com\/es\/producto\/nissan-sentra-sedan-2015-transmision-manual-de-6-velocidades-copy-copy\/","name":"Nissan Sentra Sed\u00e1n 2015 Transmisi\u00f3n manual de 6 velocidades (Copy) (Copy) | Online Car Auction","isPartOf":{"@id":"https:\/\/staging.worldautoauction.com\/es\/#website"},"primaryImageOfPage":{"@id":"https:\/\/staging.worldautoauction.com\/es\/producto\/nissan-sentra-sedan-2015-transmision-manual-de-6-velocidades-copy-copy\/#primaryimage"},"image":{"@id":"https:\/\/staging.worldautoauction.com\/es\/producto\/nissan-sentra-sedan-2015-transmision-manual-de-6-velocidades-copy-copy\/#primaryimage"},"thumbnailUrl":"https:\/\/staging.worldautoauction.com\/wp-content\/uploads\/2025\/04\/2015-nissan-sentra-s.jpg","datePublished":"2025-06-24T23:52:30+00:00","dateModified":"2025-06-24T23:54:02+00:00","description":"Bid now on this Nissan Sentra Sed\u00e1n 2015 Transmisi\u00f3n manual de 6 velocidades (Copy) (Copy) with clean title, low reserve, and verified details. Fast pickup and nationwide delivery available.","breadcrumb":{"@id":"https:\/\/staging.worldautoauction.com\/es\/producto\/nissan-sentra-sedan-2015-transmision-manual-de-6-velocidades-copy-copy\/#breadcrumb"},"inLanguage":"es","potentialAction":[{"@type":"ReadAction","target":["https:\/\/staging.worldautoauction.com\/es\/producto\/nissan-sentra-sedan-2015-transmision-manual-de-6-velocidades-copy-copy\/"]}]},{"@type":"ImageObject","inLanguage":"es","@id":"https:\/\/staging.worldautoauction.com\/es\/producto\/nissan-sentra-sedan-2015-transmision-manual-de-6-velocidades-copy-copy\/#primaryimage","url":"https:\/\/staging.worldautoauction.com\/wp-content\/uploads\/2025\/04\/2015-nissan-sentra-s.jpg","contentUrl":"https:\/\/staging.worldautoauction.com\/wp-content\/uploads\/2025\/04\/2015-nissan-sentra-s.jpg","width":960,"height":720,"caption":"2015 nissan sentra s"},{"@type":"BreadcrumbList","@id":"https:\/\/staging.worldautoauction.com\/es\/producto\/nissan-sentra-sedan-2015-transmision-manual-de-6-velocidades-copy-copy\/#breadcrumb","itemListElement":[{"@type":"ListItem","position":1,"name":"Home","item":"https:\/\/staging.worldautoauction.com\/es\/"},{"@type":"ListItem","position":2,"name":"Subasta en vivo","item":"https:\/\/staging.worldautoauction.com\/es\/todas-las-subastas\/subasta-en-vivo\/"},{"@type":"ListItem","position":3,"name":"Nissan Sentra Sed\u00e1n 2015 Transmisi\u00f3n manual de 6 velocidades (Copy) (Copy)"}]},{"@type":"WebSite","@id":"https:\/\/staging.worldautoauction.com\/es\/#website","url":"https:\/\/staging.worldautoauction.com\/es\/","name":"World Auto Auction","description":"Quality Used Cars Auctioned at Low Prices.","publisher":{"@id":"https:\/\/staging.worldautoauction.com\/es\/#organization"},"alternateName":"Worldautoauction","potentialAction":[{"@type":"SearchAction","target":{"@type":"EntryPoint","urlTemplate":"https:\/\/staging.worldautoauction.com\/es\/?s={search_term_string}"},"query-input":{"@type":"PropertyValueSpecification","valueRequired":true,"valueName":"search_term_string"}}],"inLanguage":"es"},{"@type":"Organization","@id":"https:\/\/staging.worldautoauction.com\/es\/#organization","name":"World Auto Auction","alternateName":"WorldAutoAuction","url":"https:\/\/staging.worldautoauction.com\/es\/","logo":{"@type":"ImageObject","inLanguage":"es","@id":"https:\/\/staging.worldautoauction.com\/es\/#\/schema\/logo\/image\/","url":"https:\/\/worldautoauction.com\/wp-content\/uploads\/2025\/07\/Logo-Take-3.png","contentUrl":"https:\/\/worldautoauction.com\/wp-content\/uploads\/2025\/07\/Logo-Take-3.png","width":140,"height":140,"caption":"World Auto Auction"},"image":{"@id":"https:\/\/staging.worldautoauction.com\/es\/#\/schema\/logo\/image\/"},"sameAs":["https:\/\/www.facebook.com\/Worldautoauction\/","https:\/\/x.com\/WAutoAuction","https:\/\/www.youtube.com\/@WorldAutoAuction"]}]}},"jetpack_publicize_connections":[],"jetpack_likes_enabled":true,"jetpack_sharing_enabled":true,"_links":{"self":[{"href":"https:\/\/staging.worldautoauction.com\/es\/wp-json\/wp\/v2\/product\/5839","targetHints":{"allow":["GET"]}}],"collection":[{"href":"https:\/\/staging.worldautoauction.com\/es\/wp-json\/wp\/v2\/product"}],"about":[{"href":"https:\/\/staging.worldautoauction.com\/es\/wp-json\/wp\/v2\/types\/product"}],"replies":[{"embeddable":true,"href":"https:\/\/staging.worldautoauction.com\/es\/wp-json\/wp\/v2\/comments?post=5839"}],"wp:featuredmedia":[{"embeddable":true,"href":"https:\/\/staging.worldautoauction.com\/es\/wp-json\/wp\/v2\/media\/5645"}],"wp:attachment":[{"href":"https:\/\/staging.worldautoauction.com\/es\/wp-json\/wp\/v2\/media?parent=5839"}],"wp:term":[{"taxonomy":"product_brand","embeddable":true,"href":"https:\/\/staging.worldautoauction.com\/es\/wp-json\/wp\/v2\/product_brand?post=5839"},{"taxonomy":"product_cat","embeddable":true,"href":"https:\/\/staging.worldautoauction.com\/es\/wp-json\/wp\/v2\/product_cat?post=5839"},{"taxonomy":"product_tag","embeddable":true,"href":"https:\/\/staging.worldautoauction.com\/es\/wp-json\/wp\/v2\/product_tag?post=5839"}],"curies":[{"name":"wp","href":"https:\/\/api.w.org\/{rel}","templated":true}]}}