{"id":2257,"date":"2024-11-17T16:40:09","date_gmt":"2024-11-18T00:40:09","guid":{"rendered":"https:\/\/worldautoauction.com\/fotografia\/"},"modified":"2025-01-22T15:59:26","modified_gmt":"2025-01-22T23:59:26","slug":"fotografia","status":"publish","type":"page","link":"https:\/\/staging.worldautoauction.com\/es\/fotografia\/","title":{"rendered":"Fotograf\u00eda"},"content":{"rendered":"\n<div class=\"wp-block-columns is-layout-flex wp-container-core-columns-is-layout-9d6595d7 wp-block-columns-is-layout-flex\">\n<div class=\"wp-block-column is-layout-flow wp-block-column-is-layout-flow\" style=\"flex-basis:15%\"><\/div>\n\n\n\n<div class=\"wp-block-column is-layout-flow wp-block-column-is-layout-flow\" style=\"flex-basis:70%\">\n<p class=\"has-large-font-size\"><strong>\u00a1Maximiza el valor de tu coche con fotos excepcionales!<\/strong><\/p>\n\n\n\n<p>Consejos profesionales para exhibir tu coche<\/p>\n\n\n\n<p>Tanto si haces las fotos t\u00fa mismo como si las hace un profesional, te recomendamos que hagas lo siguiente para preparar tu coche para el primer plano:<\/p>\n\n\n\n<ul class=\"wp-block-list\">\n<li><strong>Lava y detalla tu coche por dentro y por fuera.<\/strong>  Conf\u00eda en nosotros, la atenci\u00f3n al detalle brillar\u00e1 en las fotos, \u00a1y los pujadores potenciales lo apreciar\u00e1n!<\/li>\n\n\n\n<li><strong>Vac\u00eda los portavasos, la consola central, el maletero&#8230; lo que quieras.<\/strong>  De este modo, los compradores pueden centrarse totalmente en tu coche en las fotos.<\/li>\n\n\n\n<li><strong>Incluye fotos de las hojas de servicios o de cualquier documento importante.<\/strong> Aseg\u00farate de tapar la informaci\u00f3n personal, como nombres, n\u00fameros de tel\u00e9fono, direcciones, correos electr\u00f3nicos, etc. \u00a1Una nota adhesiva funciona muy bien para esto!<\/li>\n<\/ul>\n\n\n\n<p><strong>Thumbtack<\/strong><\/p>\n\n\n\n<ul class=\"wp-block-list\">\n<li><strong>Descripci\u00f3n:<\/strong> Thumbtack es un mercado online que conecta a los usuarios con profesionales locales de diversos servicios, incluida la fotograf\u00eda. Los clientes pueden solicitar presupuestos para sus necesidades espec\u00edficas y comparar diferentes fot\u00f3grafos bas\u00e1ndose en opiniones, precios y carteras.<\/li>\n\n\n\n<li><strong>P\u00e1gina web:<\/strong> <a href=\"https:\/\/www.thumbtack.com\/\">thumbtack.com<\/a><\/li>\n<\/ul>\n\n\n\n<p><strong>Fiverr<\/strong><\/p>\n\n\n\n<ul class=\"wp-block-list\">\n<li><strong>Descripci\u00f3n:<\/strong> Fiverr es un mercado online global que ofrece servicios freelance, incluyendo fotograf\u00eda y edici\u00f3n de fotos. Los usuarios pueden examinar los perfiles y contratar fot\u00f3grafos en funci\u00f3n de su portafolio, valoraciones y tarifas.<\/li>\n\n\n\n<li><strong>Sitio web:<\/strong> <a href=\"https:\/\/www.fiverr.com\/\">fiverr.com<\/a><\/li>\n<\/ul>\n\n\n\n<p><strong>Snappr<\/strong><\/p>\n\n\n\n<ul class=\"wp-block-list\">\n<li><strong>Descripci\u00f3n:<\/strong> Snappr es una plataforma donde los particulares pueden encontrar aut\u00f3nomos para servicios de fotograf\u00eda y videograf\u00eda. I<\/li>\n\n\n\n<li><strong>P\u00e1gina web:<\/strong> <a href=\"https:\/\/www.upwork.com\/\">Snappr.com<\/a><\/li>\n<\/ul>\n\n\n\n<p><\/p>\n<\/div>\n\n\n\n<div class=\"wp-block-column is-layout-flow wp-block-column-is-layout-flow\" style=\"flex-basis:15%\"><\/div>\n<\/div>\n\n<p><\/p>\n","protected":false},"excerpt":{"rendered":"<p>\u00a1Maximiza el valor de tu coche con fotos excepcionales! Consejos profesionales para exhibir tu coche Tanto si haces las fotos t\u00fa mismo como si las hace un profesional, te recomendamos que hagas lo siguiente para preparar tu coche para el primer plano: Thumbtack Fiverr Snappr<\/p>\n","protected":false},"author":1,"featured_media":0,"parent":0,"menu_order":0,"comment_status":"closed","ping_status":"closed","template":"","meta":{"_acf_changed":false,"jetpack_post_was_ever_published":false,"footnotes":""},"class_list":["post-2257","page","type-page","status-publish","hentry"],"acf":[],"yoast_head":"<!-- This site is optimized with the Yoast SEO plugin v25.9 - https:\/\/yoast.com\/wordpress\/plugins\/seo\/ -->\n<title>Fotograf\u00eda - World Auto Auction<\/title>\n<meta name=\"robots\" content=\"index, follow, max-snippet:-1, max-image-preview:large, max-video-preview:-1\" \/>\n<link rel=\"canonical\" href=\"https:\/\/staging.worldautoauction.com\/es\/fotografia\/\" \/>\n<meta property=\"og:locale\" content=\"es_ES\" \/>\n<meta property=\"og:type\" content=\"article\" \/>\n<meta property=\"og:title\" content=\"Fotograf\u00eda - World Auto Auction\" \/>\n<meta property=\"og:description\" content=\"\u00a1Maximiza el valor de tu coche con fotos excepcionales! Consejos profesionales para exhibir tu coche Tanto si haces las fotos t\u00fa mismo como si las hace un profesional, te recomendamos que hagas lo siguiente para preparar tu coche para el primer plano: Thumbtack Fiverr Snappr\" \/>\n<meta property=\"og:url\" content=\"https:\/\/staging.worldautoauction.com\/es\/fotografia\/\" \/>\n<meta property=\"og:site_name\" content=\"World Auto Auction\" \/>\n<meta property=\"article:publisher\" content=\"https:\/\/www.facebook.com\/Worldautoauction\/\" \/>\n<meta property=\"article:modified_time\" content=\"2025-01-22T23:59:26+00:00\" \/>\n<meta property=\"og:image\" content=\"https:\/\/staging.worldautoauction.com\/wp-content\/uploads\/2025\/07\/Logo-Take-5.png\" \/>\n\t<meta property=\"og:image:width\" content=\"1200\" \/>\n\t<meta property=\"og:image:height\" content=\"630\" \/>\n\t<meta property=\"og:image:type\" content=\"image\/png\" \/>\n<meta name=\"twitter:card\" content=\"summary_large_image\" \/>\n<meta name=\"twitter:site\" content=\"@WAutoAuction\" \/>\n<meta name=\"twitter:label1\" content=\"Tiempo de lectura\" \/>\n\t<meta name=\"twitter:data1\" content=\"1 minuto\" \/>\n<!-- \/ Yoast SEO plugin. -->","yoast_head_json":{"title":"Fotograf\u00eda - World Auto Auction","robots":{"index":"index","follow":"follow","max-snippet":"max-snippet:-1","max-image-preview":"max-image-preview:large","max-video-preview":"max-video-preview:-1"},"canonical":"https:\/\/staging.worldautoauction.com\/es\/fotografia\/","og_locale":"es_ES","og_type":"article","og_title":"Fotograf\u00eda - World Auto Auction","og_description":"\u00a1Maximiza el valor de tu coche con fotos excepcionales! Consejos profesionales para exhibir tu coche Tanto si haces las fotos t\u00fa mismo como si las hace un profesional, te recomendamos que hagas lo siguiente para preparar tu coche para el primer plano: Thumbtack Fiverr Snappr","og_url":"https:\/\/staging.worldautoauction.com\/es\/fotografia\/","og_site_name":"World Auto Auction","article_publisher":"https:\/\/www.facebook.com\/Worldautoauction\/","article_modified_time":"2025-01-22T23:59:26+00:00","og_image":[{"width":1200,"height":630,"url":"https:\/\/staging.worldautoauction.com\/wp-content\/uploads\/2025\/07\/Logo-Take-5.png","type":"image\/png"}],"twitter_card":"summary_large_image","twitter_site":"@WAutoAuction","twitter_misc":{"Tiempo de lectura":"1 minuto"},"schema":{"@context":"https:\/\/schema.org","@graph":[{"@type":"WebPage","@id":"https:\/\/staging.worldautoauction.com\/es\/fotografia\/","url":"https:\/\/staging.worldautoauction.com\/es\/fotografia\/","name":"Fotograf\u00eda - World Auto Auction","isPartOf":{"@id":"https:\/\/staging.worldautoauction.com\/es\/#website"},"datePublished":"2024-11-18T00:40:09+00:00","dateModified":"2025-01-22T23:59:26+00:00","breadcrumb":{"@id":"https:\/\/staging.worldautoauction.com\/es\/fotografia\/#breadcrumb"},"inLanguage":"es","potentialAction":[{"@type":"ReadAction","target":["https:\/\/staging.worldautoauction.com\/es\/fotografia\/"]}]},{"@type":"BreadcrumbList","@id":"https:\/\/staging.worldautoauction.com\/es\/fotografia\/#breadcrumb","itemListElement":[{"@type":"ListItem","position":1,"name":"Home","item":"https:\/\/staging.worldautoauction.com\/es\/"},{"@type":"ListItem","position":2,"name":"Fotograf\u00eda"}]},{"@type":"WebSite","@id":"https:\/\/staging.worldautoauction.com\/es\/#website","url":"https:\/\/staging.worldautoauction.com\/es\/","name":"World Auto Auction","description":"Quality Used Cars Auctioned at Low Prices.","publisher":{"@id":"https:\/\/staging.worldautoauction.com\/es\/#organization"},"alternateName":"Worldautoauction","potentialAction":[{"@type":"SearchAction","target":{"@type":"EntryPoint","urlTemplate":"https:\/\/staging.worldautoauction.com\/es\/?s={search_term_string}"},"query-input":{"@type":"PropertyValueSpecification","valueRequired":true,"valueName":"search_term_string"}}],"inLanguage":"es"},{"@type":"Organization","@id":"https:\/\/staging.worldautoauction.com\/es\/#organization","name":"World Auto Auction","alternateName":"WorldAutoAuction","url":"https:\/\/staging.worldautoauction.com\/es\/","logo":{"@type":"ImageObject","inLanguage":"es","@id":"https:\/\/staging.worldautoauction.com\/es\/#\/schema\/logo\/image\/","url":"https:\/\/worldautoauction.com\/wp-content\/uploads\/2025\/07\/Logo-Take-3.png","contentUrl":"https:\/\/worldautoauction.com\/wp-content\/uploads\/2025\/07\/Logo-Take-3.png","width":140,"height":140,"caption":"World Auto Auction"},"image":{"@id":"https:\/\/staging.worldautoauction.com\/es\/#\/schema\/logo\/image\/"},"sameAs":["https:\/\/www.facebook.com\/Worldautoauction\/","https:\/\/x.com\/WAutoAuction","https:\/\/www.youtube.com\/@WorldAutoAuction"]}]}},"jetpack_likes_enabled":true,"jetpack_sharing_enabled":true,"_links":{"self":[{"href":"https:\/\/staging.worldautoauction.com\/es\/wp-json\/wp\/v2\/pages\/2257","targetHints":{"allow":["GET"]}}],"collection":[{"href":"https:\/\/staging.worldautoauction.com\/es\/wp-json\/wp\/v2\/pages"}],"about":[{"href":"https:\/\/staging.worldautoauction.com\/es\/wp-json\/wp\/v2\/types\/page"}],"author":[{"embeddable":true,"href":"https:\/\/staging.worldautoauction.com\/es\/wp-json\/wp\/v2\/users\/1"}],"replies":[{"embeddable":true,"href":"https:\/\/staging.worldautoauction.com\/es\/wp-json\/wp\/v2\/comments?post=2257"}],"version-history":[{"count":1,"href":"https:\/\/staging.worldautoauction.com\/es\/wp-json\/wp\/v2\/pages\/2257\/revisions"}],"predecessor-version":[{"id":2259,"href":"https:\/\/staging.worldautoauction.com\/es\/wp-json\/wp\/v2\/pages\/2257\/revisions\/2259"}],"wp:attachment":[{"href":"https:\/\/staging.worldautoauction.com\/es\/wp-json\/wp\/v2\/media?parent=2257"}],"curies":[{"name":"wp","href":"https:\/\/api.w.org\/{rel}","templated":true}]}}