{"id":2256,"date":"2024-10-31T01:17:30","date_gmt":"2024-10-31T08:17:30","guid":{"rendered":"https:\/\/worldautoauction.com\/vende-tu-coche\/"},"modified":"2025-03-10T22:10:59","modified_gmt":"2025-03-11T05:10:59","slug":"vende-tu-coche","status":"publish","type":"page","link":"https:\/\/staging.worldautoauction.com\/es\/vende-tu-coche\/","title":{"rendered":"Vende tu coche"},"content":{"rendered":"\n<div class=\"wp-block-cover has-x-large-font-size\"><span aria-hidden=\"true\" class=\"wp-block-cover__background has-background-dim\" style=\"background-color:#5d483f\"><\/span><img fetchpriority=\"high\" decoding=\"async\" width=\"1300\" height=\"1300\" class=\"wp-block-cover__image-background wp-image-1006\" alt=\"\" src=\"https:\/\/staging.worldautoauction.com\/wp-content\/uploads\/2024\/11\/image-3.jpeg\" style=\"object-position:48% 67%\" data-object-fit=\"cover\" data-object-position=\"48% 67%\" srcset=\"https:\/\/staging.worldautoauction.com\/wp-content\/uploads\/2024\/11\/image-3.jpeg 1300w, https:\/\/staging.worldautoauction.com\/wp-content\/uploads\/2024\/11\/image-3-100x100.jpeg 100w, https:\/\/staging.worldautoauction.com\/wp-content\/uploads\/2024\/11\/image-3-600x600.jpeg 600w, https:\/\/staging.worldautoauction.com\/wp-content\/uploads\/2024\/11\/image-3-300x300.jpeg 300w, https:\/\/staging.worldautoauction.com\/wp-content\/uploads\/2024\/11\/image-3-1024x1024.jpeg 1024w, https:\/\/staging.worldautoauction.com\/wp-content\/uploads\/2024\/11\/image-3-150x150.jpeg 150w, https:\/\/staging.worldautoauction.com\/wp-content\/uploads\/2024\/11\/image-3-768x768.jpeg 768w, https:\/\/staging.worldautoauction.com\/wp-content\/uploads\/2024\/11\/image-3-440x440.jpeg 440w, https:\/\/staging.worldautoauction.com\/wp-content\/uploads\/2024\/11\/image-3-438x438.jpeg 438w, https:\/\/staging.worldautoauction.com\/wp-content\/uploads\/2024\/11\/image-3-70x70.jpeg 70w, https:\/\/staging.worldautoauction.com\/wp-content\/uploads\/2024\/11\/image-3-690x690.jpeg 690w\" sizes=\"(max-width: 1300px) 100vw, 1300px\" \/><div class=\"wp-block-cover__inner-container is-layout-constrained wp-block-cover-is-layout-constrained\">\n<p class=\"has-text-align-center has-large-font-size\" style=\"font-style:normal;font-weight:700\">VENDE TU COCHE  <\/p>\n<\/div><\/div>\n\n<div style=\"height:100px\" aria-hidden=\"true\" class=\"wp-block-spacer\"><\/div>\n\n<div class=\"wp-block-columns is-layout-flex wp-container-core-columns-is-layout-9d6595d7 wp-block-columns-is-layout-flex\">\n<div class=\"wp-block-column is-layout-flow wp-block-column-is-layout-flow\" style=\"flex-basis:25%\">\n<div style=\"height:100px\" aria-hidden=\"true\" class=\"wp-block-spacer\"><\/div>\n<\/div>\n\n\n\n<div class=\"wp-block-column is-layout-flow wp-block-column-is-layout-flow\" style=\"flex-basis:50%\">\n<h2 class=\"wp-block-heading has-text-align-center has-white-color has-pale-cyan-blue-background-color has-text-color has-background has-link-color has-medium-font-size wp-elements-eaabda44cdd2b5b21cafb022bcab6b1e\" style=\"font-style:normal;font-weight:700\">LISTA TU COCHE GRATIS (Qu\u00e9date con todos los beneficios)<\/h2>\n\n\n\n<p class=\"has-text-align-center has-white-color has-pale-cyan-blue-background-color has-text-color has-background has-link-color has-medium-font-size wp-elements-4f4a99ff5124e45cbe200866bc01b7c0\" style=\"font-style:normal;font-weight:700\">Tambi\u00e9n podemos consignar tu veh\u00edculo y encargarnos de todo el proceso, preg\u00fantanos c\u00f3mo admin@worldautoauction.com<\/p>\n\n\n\n<div style=\"height:20px\" aria-hidden=\"true\" class=\"wp-block-spacer\"><\/div>\n\n\n\n<ol class=\"wp-block-list\">\n<li>Empieza por crear tu cuenta.<\/li>\n\n\n\n<li>Haz clic en el enlace &#8220;Enviar tu coche a subasta&#8221;.<\/li>\n\n\n\n<li>Una vez redirigido a la p\u00e1gina del anuncio de subasta, se te pedir\u00e1 que rellenes los datos de tu producto y lo env\u00edes a nuestro equipo para su revisi\u00f3n.<\/li>\n\n\n\n<li>Proporci\u00f3nanos suficientes im\u00e1genes de alta calidad de tu coche para reflejar con precisi\u00f3n el estado y la calidad de tu veh\u00edculo, as\u00ed como los registros de servicio.  <\/li>\n\n\n\n<li>Te pediremos un v\u00eddeo del exterior, del interior y de la puesta en marcha, si a\u00fan no los tienes. En \u00faltima instancia, esto te ayudar\u00e1 a obtener el mejor precio.<\/li>\n\n\n\n<li>Nos pondremos en contacto contigo antes de publicar tu veh\u00edculo para asegurarnos de que tu anuncio est\u00e1 listo, nuestro objetivo es que est\u00e9 listo en una semana.  <\/li>\n\n\n\n<li>Si quieres consignar con nosotros para que nos encarguemos de todo el proceso (fotos, v\u00eddeos, listado, gesti\u00f3n postventa y transporte) d\u00ednoslo y compartiremos nuestros precios.<\/li>\n\n\n\n<li>La duraci\u00f3n est\u00e1ndar de nuestras subastas es de 7 d\u00edas. Te pedimos que retires tu veh\u00edculo de otros sitios cuando lo pongas en venta con nosotros.<\/li>\n<\/ol>\n\n\n\n<div style=\"height:20px\" aria-hidden=\"true\" class=\"wp-block-spacer\"><\/div>\n\n\n\n<p class=\"has-text-align-center has-white-color has-pale-cyan-blue-background-color has-text-color has-background has-link-color has-medium-font-size wp-elements-4387598519a787cd2e432f35f11550ae\" style=\"font-style:normal;font-weight:700\">\u00bfA QU\u00c9 ESPERAS?<\/p>\n\n\n\n<div style=\"height:20px\" aria-hidden=\"true\" class=\"wp-block-spacer\"><\/div>\n\n\n\n<div class=\"wp-block-buttons is-layout-flex wp-block-buttons-is-layout-flex\">\n<div class=\"wp-block-button has-custom-width wp-block-button__width-100 has-custom-font-size is-style-outline has-large-font-size is-style-outline--1\" style=\"line-height:1.8;text-decoration:underline\"><a class=\"wp-block-button__link has-vivid-green-cyan-background-color has-text-color has-background has-link-color wp-element-button\" href=\"https:\/\/staging.worldautoauction.com\/uat-seller-dashboard\/\" style=\"border-radius:73px;color:#00679e\" rel=\"https:\/\/staging.worldautoauction.com\/uat-seller-dashboard\/auction-action\/\">Haz clic aqu\u00ed para enviar tu coche a subasta<\/a><\/div>\n<\/div>\n\n\n\n<div style=\"height:20px\" aria-hidden=\"true\" class=\"wp-block-spacer\"><\/div>\n\n\n\n<div class=\"wp-block-group is-vertical is-layout-flex wp-container-core-group-is-layout-8cf370e7 wp-block-group-is-layout-flex\"><div class=\"container auction-fee-plan-block block-uat-auction-fee-plan alignfull\" id=\"uat-auction-fee-plan-block_5242c780188c8eb54efa09ae1465a20d\">\n\t<div class=\"uat-fee-card\">\n\t\t<div class=\"uat-fee-card-header\">\n\t\t\t\t\t\t\t<div class=\"uat-fee-title\">HOW TO:<\/div>\n\t\t\t\n\t\t\t<div class=\"uat-fee-price\"><span class=\"woocommerce-Price-amount amount\"><bdi><span class=\"woocommerce-Price-currencySymbol\">&#36;<\/span>0.00<\/bdi><\/span> &#8211; Para toda la vida<\/div>\n\t\t<\/div>\n\t\t<div class=\"uat-fee-card-content\">\n\t\t\t<ul>\n\t\t\t\t\t\t\t\t\t\t\t\t\t\t\t<li>Create\/Sign In to your account<\/li>\n\t\t\t\t\t\t\t\t\t\t\t<li>Submit your vehicle details <\/li>\n\t\t\t\t\t\t\t\t\t\t\t<li>Wait for our approval and listing instructions<\/li>\n\t\t\t\t\t\t\t\t\t\t\t<li>Choose a date for your auction to go live<\/li>\n\t\t\t\t\t\t\t\t\t\t\t<li>Once your auction sells we will be in contact to help you complete the transaction<\/li>\n\t\t\t\t\t\t\t\t\t\t\t\t<\/ul>\n\t\t<\/div>\n\t\t<div class=\"uat-fee-card-footer\">\n\t\t\t\t<a href=\"https:\/\/staging.worldautoauction.com\/uat-seller-dashboard\/auction-action\" target=\"_blank\">SUBMIT YOUR CAR NOW<\/a>\n\t\t<\/div>\n\t<\/div>\n<\/div><\/div>\n<\/div>\n\n\n\n<div class=\"wp-block-column is-layout-flow wp-block-column-is-layout-flow\" style=\"flex-basis:25%\">\n<div style=\"height:100px\" aria-hidden=\"true\" class=\"wp-block-spacer\"><\/div>\n<\/div>\n\n\n\n<div class=\"wp-block-column is-layout-flow wp-block-column-is-layout-flow\"><\/div>\n<\/div>\n","protected":false},"excerpt":{"rendered":"<p>LISTA TU COCHE GRATIS (Qu\u00e9date con todos los beneficios) Tambi\u00e9n podemos consignar tu veh\u00edculo y encargarnos de todo el proceso, preg\u00fantanos c\u00f3mo admin@worldautoauction.com \u00bfA QU\u00c9 ESPERAS?<\/p>\n","protected":false},"author":1,"featured_media":0,"parent":0,"menu_order":0,"comment_status":"close","ping_status":"close","template":"","meta":{"_acf_changed":false,"jetpack_post_was_ever_published":false,"footnotes":""},"class_list":["post-2256","page","type-page","status-publish","hentry"],"acf":[],"yoast_head":"<!-- This site is optimized with the Yoast SEO plugin v25.9 - https:\/\/yoast.com\/wordpress\/plugins\/seo\/ -->\n<title>Vende tu coche - World Auto Auction<\/title>\n<meta name=\"robots\" content=\"index, follow, max-snippet:-1, max-image-preview:large, max-video-preview:-1\" \/>\n<link rel=\"canonical\" href=\"https:\/\/staging.worldautoauction.com\/es\/vende-tu-coche\/\" \/>\n<meta property=\"og:locale\" content=\"es_ES\" \/>\n<meta property=\"og:type\" content=\"article\" \/>\n<meta property=\"og:title\" content=\"Vende tu coche - World Auto Auction\" \/>\n<meta property=\"og:description\" content=\"LISTA TU COCHE GRATIS (Qu\u00e9date con todos los beneficios) Tambi\u00e9n podemos consignar tu veh\u00edculo y encargarnos de todo el proceso, preg\u00fantanos c\u00f3mo admin@worldautoauction.com \u00bfA QU\u00c9 ESPERAS?\" \/>\n<meta property=\"og:url\" content=\"https:\/\/staging.worldautoauction.com\/es\/vende-tu-coche\/\" \/>\n<meta property=\"og:site_name\" content=\"World Auto Auction\" \/>\n<meta property=\"article:publisher\" content=\"https:\/\/www.facebook.com\/Worldautoauction\/\" \/>\n<meta property=\"article:modified_time\" content=\"2025-03-11T05:10:59+00:00\" \/>\n<meta property=\"og:image\" content=\"https:\/\/staging.worldautoauction.com\/wp-content\/uploads\/2024\/11\/image-3.jpeg\" \/>\n<meta name=\"twitter:card\" content=\"summary_large_image\" \/>\n<meta name=\"twitter:site\" content=\"@WAutoAuction\" \/>\n<meta name=\"twitter:label1\" content=\"Tiempo de lectura\" \/>\n\t<meta name=\"twitter:data1\" content=\"1 minuto\" \/>\n<!-- \/ Yoast SEO plugin. -->","yoast_head_json":{"title":"Vende tu coche - World Auto Auction","robots":{"index":"index","follow":"follow","max-snippet":"max-snippet:-1","max-image-preview":"max-image-preview:large","max-video-preview":"max-video-preview:-1"},"canonical":"https:\/\/staging.worldautoauction.com\/es\/vende-tu-coche\/","og_locale":"es_ES","og_type":"article","og_title":"Vende tu coche - World Auto Auction","og_description":"LISTA TU COCHE GRATIS (Qu\u00e9date con todos los beneficios) Tambi\u00e9n podemos consignar tu veh\u00edculo y encargarnos de todo el proceso, preg\u00fantanos c\u00f3mo admin@worldautoauction.com \u00bfA QU\u00c9 ESPERAS?","og_url":"https:\/\/staging.worldautoauction.com\/es\/vende-tu-coche\/","og_site_name":"World Auto Auction","article_publisher":"https:\/\/www.facebook.com\/Worldautoauction\/","article_modified_time":"2025-03-11T05:10:59+00:00","og_image":[{"url":"https:\/\/staging.worldautoauction.com\/wp-content\/uploads\/2024\/11\/image-3.jpeg","type":"","width":"","height":""}],"twitter_card":"summary_large_image","twitter_site":"@WAutoAuction","twitter_misc":{"Tiempo de lectura":"1 minuto"},"schema":{"@context":"https:\/\/schema.org","@graph":[{"@type":"WebPage","@id":"https:\/\/staging.worldautoauction.com\/es\/vende-tu-coche\/","url":"https:\/\/staging.worldautoauction.com\/es\/vende-tu-coche\/","name":"Vende tu coche - World Auto Auction","isPartOf":{"@id":"https:\/\/staging.worldautoauction.com\/es\/#website"},"primaryImageOfPage":{"@id":"https:\/\/staging.worldautoauction.com\/es\/vende-tu-coche\/#primaryimage"},"image":{"@id":"https:\/\/staging.worldautoauction.com\/es\/vende-tu-coche\/#primaryimage"},"thumbnailUrl":"https:\/\/staging.worldautoauction.com\/wp-content\/uploads\/2024\/11\/image-3.jpeg","datePublished":"2024-10-31T08:17:30+00:00","dateModified":"2025-03-11T05:10:59+00:00","breadcrumb":{"@id":"https:\/\/staging.worldautoauction.com\/es\/vende-tu-coche\/#breadcrumb"},"inLanguage":"es","potentialAction":[{"@type":"ReadAction","target":["https:\/\/staging.worldautoauction.com\/es\/vende-tu-coche\/"]}]},{"@type":"ImageObject","inLanguage":"es","@id":"https:\/\/staging.worldautoauction.com\/es\/vende-tu-coche\/#primaryimage","url":"https:\/\/staging.worldautoauction.com\/wp-content\/uploads\/2024\/11\/image-3.jpeg","contentUrl":"https:\/\/staging.worldautoauction.com\/wp-content\/uploads\/2024\/11\/image-3.jpeg"},{"@type":"BreadcrumbList","@id":"https:\/\/staging.worldautoauction.com\/es\/vende-tu-coche\/#breadcrumb","itemListElement":[{"@type":"ListItem","position":1,"name":"Home","item":"https:\/\/staging.worldautoauction.com\/es\/"},{"@type":"ListItem","position":2,"name":"Vende tu coche"}]},{"@type":"WebSite","@id":"https:\/\/staging.worldautoauction.com\/es\/#website","url":"https:\/\/staging.worldautoauction.com\/es\/","name":"World Auto Auction","description":"Quality Used Cars Auctioned at Low Prices.","publisher":{"@id":"https:\/\/staging.worldautoauction.com\/es\/#organization"},"alternateName":"Worldautoauction","potentialAction":[{"@type":"SearchAction","target":{"@type":"EntryPoint","urlTemplate":"https:\/\/staging.worldautoauction.com\/es\/?s={search_term_string}"},"query-input":{"@type":"PropertyValueSpecification","valueRequired":true,"valueName":"search_term_string"}}],"inLanguage":"es"},{"@type":"Organization","@id":"https:\/\/staging.worldautoauction.com\/es\/#organization","name":"World Auto Auction","alternateName":"WorldAutoAuction","url":"https:\/\/staging.worldautoauction.com\/es\/","logo":{"@type":"ImageObject","inLanguage":"es","@id":"https:\/\/staging.worldautoauction.com\/es\/#\/schema\/logo\/image\/","url":"https:\/\/worldautoauction.com\/wp-content\/uploads\/2025\/07\/Logo-Take-3.png","contentUrl":"https:\/\/worldautoauction.com\/wp-content\/uploads\/2025\/07\/Logo-Take-3.png","width":140,"height":140,"caption":"World Auto Auction"},"image":{"@id":"https:\/\/staging.worldautoauction.com\/es\/#\/schema\/logo\/image\/"},"sameAs":["https:\/\/www.facebook.com\/Worldautoauction\/","https:\/\/x.com\/WAutoAuction","https:\/\/www.youtube.com\/@WorldAutoAuction"]}]}},"jetpack_likes_enabled":true,"jetpack_sharing_enabled":true,"_links":{"self":[{"href":"https:\/\/staging.worldautoauction.com\/es\/wp-json\/wp\/v2\/pages\/2256","targetHints":{"allow":["GET"]}}],"collection":[{"href":"https:\/\/staging.worldautoauction.com\/es\/wp-json\/wp\/v2\/pages"}],"about":[{"href":"https:\/\/staging.worldautoauction.com\/es\/wp-json\/wp\/v2\/types\/page"}],"author":[{"embeddable":true,"href":"https:\/\/staging.worldautoauction.com\/es\/wp-json\/wp\/v2\/users\/1"}],"replies":[{"embeddable":true,"href":"https:\/\/staging.worldautoauction.com\/es\/wp-json\/wp\/v2\/comments?post=2256"}],"version-history":[{"count":5,"href":"https:\/\/staging.worldautoauction.com\/es\/wp-json\/wp\/v2\/pages\/2256\/revisions"}],"predecessor-version":[{"id":5304,"href":"https:\/\/staging.worldautoauction.com\/es\/wp-json\/wp\/v2\/pages\/2256\/revisions\/5304"}],"wp:attachment":[{"href":"https:\/\/staging.worldautoauction.com\/es\/wp-json\/wp\/v2\/media?parent=2256"}],"curies":[{"name":"wp","href":"https:\/\/api.w.org\/{rel}","templated":true}]}}