{"id":2253,"date":"2024-11-15T14:51:45","date_gmt":"2024-11-15T22:51:45","guid":{"rendered":"https:\/\/worldautoauction.com\/envio-de-vehiculos\/"},"modified":"2025-01-22T15:59:26","modified_gmt":"2025-01-22T23:59:26","slug":"envio-de-vehiculos","status":"publish","type":"page","link":"https:\/\/staging.worldautoauction.com\/es\/envio-de-vehiculos\/","title":{"rendered":"Env\u00edo de veh\u00edculos"},"content":{"rendered":"\n<div class=\"wp-block-group\"><div class=\"wp-block-group__inner-container is-layout-constrained wp-block-group-is-layout-constrained\">\n<div class=\"wp-block-columns is-layout-flex wp-container-core-columns-is-layout-9d6595d7 wp-block-columns-is-layout-flex\">\n<div class=\"wp-block-column is-layout-flow wp-block-column-is-layout-flow\" style=\"flex-basis:15%\"><\/div>\n\n\n\n<div class=\"wp-block-column is-layout-flow wp-block-column-is-layout-flow\" style=\"flex-basis:70%\">\n<p class=\"has-medium-font-size\"><strong>ENVIAR<\/strong><\/p>\n\n\n\n<p><a href=\"https:\/\/www.shiply.com\/us\/car-shipping?srsltid=AfmBOoopbYB4LxOtKsBs4s3EHXwd4Kazp45cNDxos9aRNDlu5Uhff1yn\">https:\/\/www.shiply.com\/us\/car-shipping?srsltid=AfmBOoopbYB4LxOtKsBs4s3EHXwd4Kazp45cNDxos9aRNDlu5Uhff1yn<\/a><\/p>\n\n\n\n<h2 class=\"wp-block-heading has-medium-font-size\"><strong>uShip<\/strong><\/h2>\n\n\n\n<p><a href=\"https:\/\/www.uship.com\/ship\/vehicles\">https:\/\/www.uship.com\/ship\/vehicles<\/a><\/p>\n\n\n\n<p class=\"has-medium-font-size\">Comprar y enviar un veh\u00edculo desde otra ciudad, estado o pa\u00eds puede ser menos caro que comprarlo localmente. Sobre todo si buscas un modelo espec\u00edfico o poco com\u00fan. Antes de comprar, haz una estimaci\u00f3n de los costes de transporte para ayudarte a determinar hasta d\u00f3nde est\u00e1s dispuesto a pujar. <strong>El<\/strong> mercado de transporte <strong>de uShip<\/strong> proporciona acceso a miles de proveedores con valoraciones que compiten por tu negocio, para que puedas elegir tu precio y realizar el env\u00edo con confianza.  <\/p>\n\n\n\n<p class=\"has-medium-font-size\"><strong>ROAD RUNNER AUTO TRANSPORT<\/strong><\/p>\n\n\n\n<p class=\"has-medium-font-size\"><a href=\"https:\/\/www.roadrunnerautotransport.com\">https:\/\/www.roadrunnerautotransport.com<\/a><\/p>\n\n\n\n<p>\u00bfPreguntas? admin@worldautoauction.com <\/p>\n<\/div>\n\n\n\n<div class=\"wp-block-column is-layout-flow wp-block-column-is-layout-flow\" style=\"flex-basis:15%\"><\/div>\n<\/div>\n<\/div><\/div>\n","protected":false},"excerpt":{"rendered":"<p>ENVIAR https:\/\/www.shiply.com\/us\/car-shipping?srsltid=AfmBOoopbYB4LxOtKsBs4s3EHXwd4Kazp45cNDxos9aRNDlu5Uhff1yn uShip https:\/\/www.uship.com\/ship\/vehicles Comprar y enviar un veh\u00edculo desde otra ciudad, estado o pa\u00eds puede ser menos caro que comprarlo localmente. Sobre todo si buscas un modelo espec\u00edfico o poco com\u00fan. Antes de comprar, haz una estimaci\u00f3n de los costes de transporte para ayudarte a determinar hasta d\u00f3nde est\u00e1s dispuesto a pujar. El mercado [&hellip;]<\/p>\n","protected":false},"author":1,"featured_media":0,"parent":0,"menu_order":0,"comment_status":"closed","ping_status":"closed","template":"","meta":{"_acf_changed":false,"jetpack_post_was_ever_published":false,"footnotes":""},"class_list":["post-2253","page","type-page","status-publish","hentry"],"acf":[],"yoast_head":"<!-- This site is optimized with the Yoast SEO plugin v25.9 - https:\/\/yoast.com\/wordpress\/plugins\/seo\/ -->\n<title>Env\u00edo de veh\u00edculos - World Auto Auction<\/title>\n<meta name=\"robots\" content=\"index, follow, max-snippet:-1, max-image-preview:large, max-video-preview:-1\" \/>\n<link rel=\"canonical\" href=\"https:\/\/staging.worldautoauction.com\/es\/envio-de-vehiculos\/\" \/>\n<meta property=\"og:locale\" content=\"es_ES\" \/>\n<meta property=\"og:type\" content=\"article\" \/>\n<meta property=\"og:title\" content=\"Env\u00edo de veh\u00edculos - World Auto Auction\" \/>\n<meta property=\"og:description\" content=\"ENVIAR https:\/\/www.shiply.com\/us\/car-shipping?srsltid=AfmBOoopbYB4LxOtKsBs4s3EHXwd4Kazp45cNDxos9aRNDlu5Uhff1yn uShip https:\/\/www.uship.com\/ship\/vehicles Comprar y enviar un veh\u00edculo desde otra ciudad, estado o pa\u00eds puede ser menos caro que comprarlo localmente. Sobre todo si buscas un modelo espec\u00edfico o poco com\u00fan. Antes de comprar, haz una estimaci\u00f3n de los costes de transporte para ayudarte a determinar hasta d\u00f3nde est\u00e1s dispuesto a pujar. El mercado [&hellip;]\" \/>\n<meta property=\"og:url\" content=\"https:\/\/staging.worldautoauction.com\/es\/envio-de-vehiculos\/\" \/>\n<meta property=\"og:site_name\" content=\"World Auto Auction\" \/>\n<meta property=\"article:publisher\" content=\"https:\/\/www.facebook.com\/Worldautoauction\/\" \/>\n<meta property=\"article:modified_time\" content=\"2025-01-22T23:59:26+00:00\" \/>\n<meta property=\"og:image\" content=\"https:\/\/staging.worldautoauction.com\/wp-content\/uploads\/2025\/07\/Logo-Take-5.png\" \/>\n\t<meta property=\"og:image:width\" content=\"1200\" \/>\n\t<meta property=\"og:image:height\" content=\"630\" \/>\n\t<meta property=\"og:image:type\" content=\"image\/png\" \/>\n<meta name=\"twitter:card\" content=\"summary_large_image\" \/>\n<meta name=\"twitter:site\" content=\"@WAutoAuction\" \/>\n<meta name=\"twitter:label1\" content=\"Tiempo de lectura\" \/>\n\t<meta name=\"twitter:data1\" content=\"1 minuto\" \/>\n<!-- \/ Yoast SEO plugin. -->","yoast_head_json":{"title":"Env\u00edo de veh\u00edculos - World Auto Auction","robots":{"index":"index","follow":"follow","max-snippet":"max-snippet:-1","max-image-preview":"max-image-preview:large","max-video-preview":"max-video-preview:-1"},"canonical":"https:\/\/staging.worldautoauction.com\/es\/envio-de-vehiculos\/","og_locale":"es_ES","og_type":"article","og_title":"Env\u00edo de veh\u00edculos - World Auto Auction","og_description":"ENVIAR https:\/\/www.shiply.com\/us\/car-shipping?srsltid=AfmBOoopbYB4LxOtKsBs4s3EHXwd4Kazp45cNDxos9aRNDlu5Uhff1yn uShip https:\/\/www.uship.com\/ship\/vehicles Comprar y enviar un veh\u00edculo desde otra ciudad, estado o pa\u00eds puede ser menos caro que comprarlo localmente. Sobre todo si buscas un modelo espec\u00edfico o poco com\u00fan. Antes de comprar, haz una estimaci\u00f3n de los costes de transporte para ayudarte a determinar hasta d\u00f3nde est\u00e1s dispuesto a pujar. El mercado [&hellip;]","og_url":"https:\/\/staging.worldautoauction.com\/es\/envio-de-vehiculos\/","og_site_name":"World Auto Auction","article_publisher":"https:\/\/www.facebook.com\/Worldautoauction\/","article_modified_time":"2025-01-22T23:59:26+00:00","og_image":[{"width":1200,"height":630,"url":"https:\/\/staging.worldautoauction.com\/wp-content\/uploads\/2025\/07\/Logo-Take-5.png","type":"image\/png"}],"twitter_card":"summary_large_image","twitter_site":"@WAutoAuction","twitter_misc":{"Tiempo de lectura":"1 minuto"},"schema":{"@context":"https:\/\/schema.org","@graph":[{"@type":"WebPage","@id":"https:\/\/staging.worldautoauction.com\/es\/envio-de-vehiculos\/","url":"https:\/\/staging.worldautoauction.com\/es\/envio-de-vehiculos\/","name":"Env\u00edo de veh\u00edculos - World Auto Auction","isPartOf":{"@id":"https:\/\/staging.worldautoauction.com\/es\/#website"},"datePublished":"2024-11-15T22:51:45+00:00","dateModified":"2025-01-22T23:59:26+00:00","breadcrumb":{"@id":"https:\/\/staging.worldautoauction.com\/es\/envio-de-vehiculos\/#breadcrumb"},"inLanguage":"es","potentialAction":[{"@type":"ReadAction","target":["https:\/\/staging.worldautoauction.com\/es\/envio-de-vehiculos\/"]}]},{"@type":"BreadcrumbList","@id":"https:\/\/staging.worldautoauction.com\/es\/envio-de-vehiculos\/#breadcrumb","itemListElement":[{"@type":"ListItem","position":1,"name":"Home","item":"https:\/\/staging.worldautoauction.com\/es\/"},{"@type":"ListItem","position":2,"name":"Env\u00edo de veh\u00edculos"}]},{"@type":"WebSite","@id":"https:\/\/staging.worldautoauction.com\/es\/#website","url":"https:\/\/staging.worldautoauction.com\/es\/","name":"World Auto Auction","description":"Quality Used Cars Auctioned at Low Prices.","publisher":{"@id":"https:\/\/staging.worldautoauction.com\/es\/#organization"},"alternateName":"Worldautoauction","potentialAction":[{"@type":"SearchAction","target":{"@type":"EntryPoint","urlTemplate":"https:\/\/staging.worldautoauction.com\/es\/?s={search_term_string}"},"query-input":{"@type":"PropertyValueSpecification","valueRequired":true,"valueName":"search_term_string"}}],"inLanguage":"es"},{"@type":"Organization","@id":"https:\/\/staging.worldautoauction.com\/es\/#organization","name":"World Auto Auction","alternateName":"WorldAutoAuction","url":"https:\/\/staging.worldautoauction.com\/es\/","logo":{"@type":"ImageObject","inLanguage":"es","@id":"https:\/\/staging.worldautoauction.com\/es\/#\/schema\/logo\/image\/","url":"https:\/\/worldautoauction.com\/wp-content\/uploads\/2025\/07\/Logo-Take-3.png","contentUrl":"https:\/\/worldautoauction.com\/wp-content\/uploads\/2025\/07\/Logo-Take-3.png","width":140,"height":140,"caption":"World Auto Auction"},"image":{"@id":"https:\/\/staging.worldautoauction.com\/es\/#\/schema\/logo\/image\/"},"sameAs":["https:\/\/www.facebook.com\/Worldautoauction\/","https:\/\/x.com\/WAutoAuction","https:\/\/www.youtube.com\/@WorldAutoAuction"]}]}},"jetpack_likes_enabled":true,"jetpack_sharing_enabled":true,"_links":{"self":[{"href":"https:\/\/staging.worldautoauction.com\/es\/wp-json\/wp\/v2\/pages\/2253","targetHints":{"allow":["GET"]}}],"collection":[{"href":"https:\/\/staging.worldautoauction.com\/es\/wp-json\/wp\/v2\/pages"}],"about":[{"href":"https:\/\/staging.worldautoauction.com\/es\/wp-json\/wp\/v2\/types\/page"}],"author":[{"embeddable":true,"href":"https:\/\/staging.worldautoauction.com\/es\/wp-json\/wp\/v2\/users\/1"}],"replies":[{"embeddable":true,"href":"https:\/\/staging.worldautoauction.com\/es\/wp-json\/wp\/v2\/comments?post=2253"}],"version-history":[{"count":2,"href":"https:\/\/staging.worldautoauction.com\/es\/wp-json\/wp\/v2\/pages\/2253\/revisions"}],"predecessor-version":[{"id":2335,"href":"https:\/\/staging.worldautoauction.com\/es\/wp-json\/wp\/v2\/pages\/2253\/revisions\/2335"}],"wp:attachment":[{"href":"https:\/\/staging.worldautoauction.com\/es\/wp-json\/wp\/v2\/media?parent=2253"}],"curies":[{"name":"wp","href":"https:\/\/api.w.org\/{rel}","templated":true}]}}