{"id":2249,"date":"2024-11-14T17:49:09","date_gmt":"2024-11-15T01:49:09","guid":{"rendered":"https:\/\/worldautoauction.com\/condiciones-generales\/"},"modified":"2025-01-22T15:59:26","modified_gmt":"2025-01-22T23:59:26","slug":"condiciones-generales","status":"publish","type":"page","link":"https:\/\/staging.worldautoauction.com\/es\/condiciones-generales\/","title":{"rendered":"Condiciones generales"},"content":{"rendered":"\n<div class=\"wp-block-cover is-light\"><span aria-hidden=\"true\" class=\"wp-block-cover__background has-background-dim-70 has-background-dim\" style=\"background-color:#917f74\"><\/span><img fetchpriority=\"high\" decoding=\"async\" width=\"1880\" height=\"1166\" class=\"wp-block-cover__image-background wp-image-2025\" alt=\"red coupe soft top on road\" src=\"https:\/\/staging.worldautoauction.com\/wp-content\/uploads\/2024\/11\/pexels-photo-627678-1.jpeg\" style=\"object-position:50% 57%\" data-object-fit=\"cover\" data-object-position=\"50% 57%\" srcset=\"https:\/\/staging.worldautoauction.com\/wp-content\/uploads\/2024\/11\/pexels-photo-627678-1.jpeg 1880w, https:\/\/staging.worldautoauction.com\/wp-content\/uploads\/2024\/11\/pexels-photo-627678-1-600x372.jpeg 600w, https:\/\/staging.worldautoauction.com\/wp-content\/uploads\/2024\/11\/pexels-photo-627678-1-300x186.jpeg 300w, https:\/\/staging.worldautoauction.com\/wp-content\/uploads\/2024\/11\/pexels-photo-627678-1-1024x635.jpeg 1024w, https:\/\/staging.worldautoauction.com\/wp-content\/uploads\/2024\/11\/pexels-photo-627678-1-768x476.jpeg 768w, https:\/\/staging.worldautoauction.com\/wp-content\/uploads\/2024\/11\/pexels-photo-627678-1-1536x953.jpeg 1536w, https:\/\/staging.worldautoauction.com\/wp-content\/uploads\/2024\/11\/pexels-photo-627678-1-1320x819.jpeg 1320w\" sizes=\"(max-width: 1880px) 100vw, 1880px\" \/><div class=\"wp-block-cover__inner-container is-layout-constrained wp-block-cover-is-layout-constrained\">\n<p class=\"has-text-align-center has-white-color has-text-color has-link-color has-x-large-font-size wp-elements-fdd46e54d615b073354f23e0135b3a5f\" style=\"font-style:normal;font-weight:700\">Condiciones generales<\/p>\n<\/div><\/div>\n\n<div style=\"height:12px\" aria-hidden=\"true\" class=\"wp-block-spacer\"><\/div>\n\n<div class=\"wp-block-columns is-layout-flex wp-container-core-columns-is-layout-9d6595d7 wp-block-columns-is-layout-flex\">\n<div class=\"wp-block-column is-layout-flow wp-block-column-is-layout-flow\" style=\"flex-basis:25%\"><\/div>\n\n\n\n<div class=\"wp-block-column is-layout-flow wp-block-column-is-layout-flow\" style=\"flex-basis:50%\">\n<h2 class=\"wp-block-heading has-white-color has-pale-cyan-blue-background-color has-text-color has-background has-link-color wp-elements-3e8e24432f02166dacbfedaa96e02f99\"><strong>Fecha l\u00edmite de pago:<\/strong><\/h2>\n\n\n\n<p><br\/>Si eres el adjudicatario, debes pagar el veh\u00edculo en su totalidad en un plazo de dos (2) d\u00edas laborables, sin incluir la fecha de la venta, o se te aplicar\u00e1 una tasa de demora de 50 $. Si no pagas el veh\u00edculo en el plazo de tres (3) d\u00edas laborables, tendr\u00e1s que abonar los gastos de nueva puesta en venta, la p\u00e9rdida del dep\u00f3sito y la suspensi\u00f3n de tu cuenta. <\/p>\n\n\n\n<h2 class=\"wp-block-heading\"><strong><mark style=\"background-color:rgba(0, 0, 0, 0)\" class=\"has-inline-color has-vivid-purple-color\">Todas las ventas son definitivas<\/mark><\/strong><\/h2>\n\n\n\n<h2 class=\"wp-block-heading\"><strong>Instrucciones para la transferencia bancaria:<\/strong><\/h2>\n\n\n\n<p><br\/>Si deseas pagar tus veh\u00edculos mediante transferencia bancaria: ponte en contacto con nosotros para obtener instrucciones sobre la transferencia bancaria<\/p>\n\n\n\n<p>Los veh\u00edculos no pueden ser retirados de World Auto Auction hasta que hayan sido pagados en su totalidad. Para retirar el veh\u00edculo de las instalaciones de World Auto Auction, deber\u00e1s presentar en la puerta el recibo del pago completo. Los veh\u00edculos adquiridos deben recogerse en un plazo de dos (2) d\u00edas laborables a partir de la Hora de Venta, tal y como se ha indicado anteriormente, para evitar los gastos de almacenamiento de 25 $ por d\u00eda. Cualquier veh\u00edculo que permanezca en nuestras instalaciones m\u00e1s de 30 d\u00edas se considerar\u00e1 abandonado y se dispondr\u00e1 de \u00e9l en consecuencia.   <\/p>\n\n\n\n<h2 class=\"wp-block-heading\"><strong>Inspecciones de Veh\u00edculos:<\/strong><\/h2>\n\n\n\n<p><br\/>Conoce lo que compras. Examina los veh\u00edculos antes de pujar, incluidas las im\u00e1genes en l\u00ednea, los anuncios y el informe de estado. Todos los veh\u00edculos se venden TAL CUAL, ninguno de ellos ha sido inspeccionado por un mec\u00e1nico. Si no est\u00e1s familiarizado con los veh\u00edculos y sus sistemas mec\u00e1nicos, ten cuidado. No se permiten pruebas de conducci\u00f3n ni visitas en persona.    <\/p>\n\n\n\n<h2 class=\"wp-block-heading\"><strong>Inspecciones de emisiones y seguridad:<\/strong><\/h2>\n\n\n\n<p><br\/>No se garantiza que los veh\u00edculos pasen las inspecciones estatales cuando proceda.<br\/>Todas las ventas son definitivas:<\/p>\n\n\n\n<h2 class=\"wp-block-heading\"><strong>Cancelaci\u00f3n de la venta:<\/strong><\/h2>\n\n\n\n<p><br\/>World Auto Auction puede, a su entera y absoluta discreci\u00f3n y sin previo aviso, posponer o cancelar una venta, o retirar un art\u00edculo de una venta. World Auto Auction no tendr\u00e1 responsabilidad ni obligaci\u00f3n alguna ante los Compradores como resultado de la retirada de un art\u00edculo, el aplazamiento o la cancelaci\u00f3n de una venta. <\/p>\n\n\n\n<h2 class=\"wp-block-heading\"><strong>Requisitos para ser miembro:<\/strong><\/h2>\n\n\n\n<p><br\/>Pueden pujar por los veh\u00edculos ofrecidos por World Auto Auction las personas mayores de 18 a\u00f1os que puedan formalizar contratos legalmente vinculantes seg\u00fan la legislaci\u00f3n aplicable. Adem\u00e1s, los requisitos espec\u00edficos del vendedor y las leyes, normativas y restricciones federales, estatales y locales aplicables pueden limitar a\u00fan m\u00e1s la posibilidad de pujar. World Auto Auction se reserva el derecho a denegar los privilegios de puja a cualquier persona o entidad a su entera y absoluta discreci\u00f3n.  <\/p>\n\n\n\n<h2 class=\"wp-block-heading\"><strong>Revocaci\u00f3n de la afiliaci\u00f3n:<\/strong><\/h2>\n\n\n\n<p><br\/>World Auto Auction puede, a su entera y absoluta discreci\u00f3n y por cualquier motivo, limitar la actividad del Comprador, eliminar ofertas del Comprador, suspender o revocar la afiliaci\u00f3n de un comprador, o negarse a prestar servicios a un comprador.<\/p>\n\n\n\n<h2 class=\"wp-block-heading\"><strong>Reglas de importaci\u00f3n\/exportaci\u00f3n:<\/strong><\/h2>\n\n\n\n<p><br\/>World Auto Auction no garantiza que ning\u00fan veh\u00edculo comprado pueda pasar por las aduanas de ning\u00fan pa\u00eds extranjero. Es responsabilidad exclusiva del Comprador garantizar el cumplimiento de las leyes y normativas estadounidenses y extranjeras relativas a la importaci\u00f3n y exportaci\u00f3n de art\u00edculos comprados a trav\u00e9s de Capital, y pagar todos los impuestos, tasas o aranceles de exportaci\u00f3n o importaci\u00f3n asociados a dichas compras. <\/p>\n\n\n\n<h2 class=\"wp-block-heading\"><strong>Lugar, jurisdicci\u00f3n y notificaci\u00f3n de la demanda:<\/strong><\/h2>\n\n\n\n<p><br\/>El Comprador reconoce y acepta lo siguiente como condiciones expresas para ser miembro de World Auto Auction:<br\/>\u00a4 Cualquier acci\u00f3n o procedimiento derivado de un veh\u00edculo adquirido a trav\u00e9s de World Auto Auction se litigar\u00e1 en el estado y condado y aplicando las leyes del estado y condado en los que World Auto Auction almacen\u00f3 el veh\u00edculo en el momento de la venta. El Comprador consiente en la jurisdicci\u00f3n y competencia de los tribunales descritos anteriormente.<br\/>\u00a4 El Comprador consiente en la notificaci\u00f3n del proceso mediante env\u00edo certificado o registrado de la citaci\u00f3n y demanda a la \u00faltima direcci\u00f3n facilitada por el Comprador a World Auto Auction.<br\/>Una vez pagado el veh\u00edculo, todas las ventas son definitivas. La \u00fanica excepci\u00f3n a esto figura en la Pol\u00edtica de Arbitraje. Sujeto a la aprobaci\u00f3n del Vendedor, el \u00faltimo postor est\u00e1 legalmente obligado a comprar el veh\u00edculo.   <\/p>\n<\/div>\n\n\n\n<div class=\"wp-block-column is-layout-flow wp-block-column-is-layout-flow\" style=\"flex-basis:25%\"><\/div>\n<\/div>\n\n<p><\/p>\n","protected":false},"excerpt":{"rendered":"<p>Fecha l\u00edmite de pago: Si eres el adjudicatario, debes pagar el veh\u00edculo en su totalidad en un plazo de dos (2) d\u00edas laborables, sin incluir la fecha de la venta, o se te aplicar\u00e1 una tasa de demora de 50 $. Si no pagas el veh\u00edculo en el plazo de tres (3) d\u00edas laborables, tendr\u00e1s [&hellip;]<\/p>\n","protected":false},"author":1,"featured_media":1384,"parent":0,"menu_order":0,"comment_status":"closed","ping_status":"closed","template":"","meta":{"_acf_changed":false,"jetpack_post_was_ever_published":false,"footnotes":""},"class_list":["post-2249","page","type-page","status-publish","has-post-thumbnail","hentry"],"acf":[],"yoast_head":"<!-- This site is optimized with the Yoast SEO plugin v25.9 - https:\/\/yoast.com\/wordpress\/plugins\/seo\/ -->\n<title>Condiciones generales - World Auto Auction<\/title>\n<meta name=\"robots\" content=\"index, follow, max-snippet:-1, max-image-preview:large, max-video-preview:-1\" \/>\n<link rel=\"canonical\" href=\"https:\/\/staging.worldautoauction.com\/es\/condiciones-generales\/\" \/>\n<meta property=\"og:locale\" content=\"es_ES\" \/>\n<meta property=\"og:type\" content=\"article\" \/>\n<meta property=\"og:title\" content=\"Condiciones generales - World Auto Auction\" \/>\n<meta property=\"og:description\" content=\"Fecha l\u00edmite de pago: Si eres el adjudicatario, debes pagar el veh\u00edculo en su totalidad en un plazo de dos (2) d\u00edas laborables, sin incluir la fecha de la venta, o se te aplicar\u00e1 una tasa de demora de 50 $. Si no pagas el veh\u00edculo en el plazo de tres (3) d\u00edas laborables, tendr\u00e1s [&hellip;]\" \/>\n<meta property=\"og:url\" content=\"https:\/\/staging.worldautoauction.com\/es\/condiciones-generales\/\" \/>\n<meta property=\"og:site_name\" content=\"World Auto Auction\" \/>\n<meta property=\"article:publisher\" content=\"https:\/\/www.facebook.com\/Worldautoauction\/\" \/>\n<meta property=\"article:modified_time\" content=\"2025-01-22T23:59:26+00:00\" \/>\n<meta property=\"og:image\" content=\"https:\/\/staging.worldautoauction.com\/wp-content\/uploads\/2024\/10\/logo-v2-4-3.png\" \/>\n\t<meta property=\"og:image:width\" content=\"250\" \/>\n\t<meta property=\"og:image:height\" content=\"150\" \/>\n\t<meta property=\"og:image:type\" content=\"image\/png\" \/>\n<meta name=\"twitter:card\" content=\"summary_large_image\" \/>\n<meta name=\"twitter:site\" content=\"@WAutoAuction\" \/>\n<meta name=\"twitter:label1\" content=\"Tiempo de lectura\" \/>\n\t<meta name=\"twitter:data1\" content=\"4 minutos\" \/>\n<!-- \/ Yoast SEO plugin. -->","yoast_head_json":{"title":"Condiciones generales - World Auto Auction","robots":{"index":"index","follow":"follow","max-snippet":"max-snippet:-1","max-image-preview":"max-image-preview:large","max-video-preview":"max-video-preview:-1"},"canonical":"https:\/\/staging.worldautoauction.com\/es\/condiciones-generales\/","og_locale":"es_ES","og_type":"article","og_title":"Condiciones generales - World Auto Auction","og_description":"Fecha l\u00edmite de pago: Si eres el adjudicatario, debes pagar el veh\u00edculo en su totalidad en un plazo de dos (2) d\u00edas laborables, sin incluir la fecha de la venta, o se te aplicar\u00e1 una tasa de demora de 50 $. Si no pagas el veh\u00edculo en el plazo de tres (3) d\u00edas laborables, tendr\u00e1s [&hellip;]","og_url":"https:\/\/staging.worldautoauction.com\/es\/condiciones-generales\/","og_site_name":"World Auto Auction","article_publisher":"https:\/\/www.facebook.com\/Worldautoauction\/","article_modified_time":"2025-01-22T23:59:26+00:00","og_image":[{"width":250,"height":150,"url":"https:\/\/staging.worldautoauction.com\/wp-content\/uploads\/2024\/10\/logo-v2-4-3.png","type":"image\/png"}],"twitter_card":"summary_large_image","twitter_site":"@WAutoAuction","twitter_misc":{"Tiempo de lectura":"4 minutos"},"schema":{"@context":"https:\/\/schema.org","@graph":[{"@type":"WebPage","@id":"https:\/\/staging.worldautoauction.com\/es\/condiciones-generales\/","url":"https:\/\/staging.worldautoauction.com\/es\/condiciones-generales\/","name":"Condiciones generales - World Auto Auction","isPartOf":{"@id":"https:\/\/staging.worldautoauction.com\/es\/#website"},"primaryImageOfPage":{"@id":"https:\/\/staging.worldautoauction.com\/es\/condiciones-generales\/#primaryimage"},"image":{"@id":"https:\/\/staging.worldautoauction.com\/es\/condiciones-generales\/#primaryimage"},"thumbnailUrl":"https:\/\/staging.worldautoauction.com\/wp-content\/uploads\/2024\/10\/logo-v2-4-3.png","datePublished":"2024-11-15T01:49:09+00:00","dateModified":"2025-01-22T23:59:26+00:00","breadcrumb":{"@id":"https:\/\/staging.worldautoauction.com\/es\/condiciones-generales\/#breadcrumb"},"inLanguage":"es","potentialAction":[{"@type":"ReadAction","target":["https:\/\/staging.worldautoauction.com\/es\/condiciones-generales\/"]}]},{"@type":"ImageObject","inLanguage":"es","@id":"https:\/\/staging.worldautoauction.com\/es\/condiciones-generales\/#primaryimage","url":"https:\/\/staging.worldautoauction.com\/wp-content\/uploads\/2024\/10\/logo-v2-4-3.png","contentUrl":"https:\/\/staging.worldautoauction.com\/wp-content\/uploads\/2024\/10\/logo-v2-4-3.png","width":250,"height":150,"caption":"logo v2 4 3"},{"@type":"BreadcrumbList","@id":"https:\/\/staging.worldautoauction.com\/es\/condiciones-generales\/#breadcrumb","itemListElement":[{"@type":"ListItem","position":1,"name":"Home","item":"https:\/\/staging.worldautoauction.com\/es\/"},{"@type":"ListItem","position":2,"name":"Condiciones generales"}]},{"@type":"WebSite","@id":"https:\/\/staging.worldautoauction.com\/es\/#website","url":"https:\/\/staging.worldautoauction.com\/es\/","name":"World Auto Auction","description":"Quality Used Cars Auctioned at Low Prices.","publisher":{"@id":"https:\/\/staging.worldautoauction.com\/es\/#organization"},"alternateName":"Worldautoauction","potentialAction":[{"@type":"SearchAction","target":{"@type":"EntryPoint","urlTemplate":"https:\/\/staging.worldautoauction.com\/es\/?s={search_term_string}"},"query-input":{"@type":"PropertyValueSpecification","valueRequired":true,"valueName":"search_term_string"}}],"inLanguage":"es"},{"@type":"Organization","@id":"https:\/\/staging.worldautoauction.com\/es\/#organization","name":"World Auto Auction","alternateName":"WorldAutoAuction","url":"https:\/\/staging.worldautoauction.com\/es\/","logo":{"@type":"ImageObject","inLanguage":"es","@id":"https:\/\/staging.worldautoauction.com\/es\/#\/schema\/logo\/image\/","url":"https:\/\/worldautoauction.com\/wp-content\/uploads\/2025\/07\/Logo-Take-3.png","contentUrl":"https:\/\/worldautoauction.com\/wp-content\/uploads\/2025\/07\/Logo-Take-3.png","width":140,"height":140,"caption":"World Auto Auction"},"image":{"@id":"https:\/\/staging.worldautoauction.com\/es\/#\/schema\/logo\/image\/"},"sameAs":["https:\/\/www.facebook.com\/Worldautoauction\/","https:\/\/x.com\/WAutoAuction","https:\/\/www.youtube.com\/@WorldAutoAuction"]}]}},"jetpack_likes_enabled":true,"jetpack_sharing_enabled":true,"_links":{"self":[{"href":"https:\/\/staging.worldautoauction.com\/es\/wp-json\/wp\/v2\/pages\/2249","targetHints":{"allow":["GET"]}}],"collection":[{"href":"https:\/\/staging.worldautoauction.com\/es\/wp-json\/wp\/v2\/pages"}],"about":[{"href":"https:\/\/staging.worldautoauction.com\/es\/wp-json\/wp\/v2\/types\/page"}],"author":[{"embeddable":true,"href":"https:\/\/staging.worldautoauction.com\/es\/wp-json\/wp\/v2\/users\/1"}],"replies":[{"embeddable":true,"href":"https:\/\/staging.worldautoauction.com\/es\/wp-json\/wp\/v2\/comments?post=2249"}],"version-history":[{"count":2,"href":"https:\/\/staging.worldautoauction.com\/es\/wp-json\/wp\/v2\/pages\/2249\/revisions"}],"predecessor-version":[{"id":2333,"href":"https:\/\/staging.worldautoauction.com\/es\/wp-json\/wp\/v2\/pages\/2249\/revisions\/2333"}],"wp:featuredmedia":[{"embeddable":true,"href":"https:\/\/staging.worldautoauction.com\/es\/wp-json\/wp\/v2\/media\/1384"}],"wp:attachment":[{"href":"https:\/\/staging.worldautoauction.com\/es\/wp-json\/wp\/v2\/media?parent=2249"}],"curies":[{"name":"wp","href":"https:\/\/api.w.org\/{rel}","templated":true}]}}