{"id":2244,"date":"2024-11-15T15:15:59","date_gmt":"2024-11-15T23:15:59","guid":{"rendered":"https:\/\/worldautoauction.com\/inspecciones-de-vehiculos\/"},"modified":"2025-01-22T15:59:26","modified_gmt":"2025-01-22T23:59:26","slug":"inspecciones-de-vehiculos","status":"publish","type":"page","link":"https:\/\/staging.worldautoauction.com\/es\/inspecciones-de-vehiculos\/","title":{"rendered":"Inspecciones de Veh\u00edculos"},"content":{"rendered":"\n<div class=\"wp-block-columns is-layout-flex wp-container-core-columns-is-layout-9d6595d7 wp-block-columns-is-layout-flex\">\n<div class=\"wp-block-column is-layout-flow wp-block-column-is-layout-flow\" style=\"flex-basis:15%\"><\/div>\n\n\n\n<div class=\"wp-block-column is-layout-flow wp-block-column-is-layout-flow\" style=\"flex-basis:70%\">\n<p><strong>TuMec\u00e1nico<\/strong> <a href=\"https:\/\/www.yourmechanic.com\/\">https:\/\/www.yourmechanic.com\/<\/a><\/p>\n\n\n\n<p>YourMechanic ofrece c\u00f3modos servicios m\u00f3viles de inspecci\u00f3n de veh\u00edculos que se desplazan directamente a tu domicilio. Con una red de mec\u00e1nicos certificados, ofrecen inspecciones exhaustivas previas a la compra de 150 puntos que cubren todos los sistemas principales, incluidos el motor, la transmisi\u00f3n, los frenos y la suspensi\u00f3n. Tras la inspecci\u00f3n, recibir\u00e1s un informe detallado que pone de relieve el estado de tu coche. Compartir este informe con posibles compradores puede aumentar su confianza y seguridad, ayud\u00e1ndote a vender tu veh\u00edculo m\u00e1s r\u00e1pidamente y, potencialmente, a mejor precio.   <\/p>\n\n\n\n<p><strong>Escuadra Lim\u00f3n<\/strong> <a href=\"https:\/\/lemonsquad.com\/\">https:\/\/lemonsquad.com\/<\/a><\/p>\n\n\n\n<p>Lemon Squad es un servicio nacional de inspecci\u00f3n de veh\u00edculos especializado en inspecciones exhaustivas in situ realizadas por profesionales experimentados. Ofrecen informes detallados que incluyen fotos y una amplia evaluaci\u00f3n de los aspectos mec\u00e1nicos y est\u00e9ticos de tu coche. Desde el motor y la transmisi\u00f3n hasta el estado interior y exterior, Lemon Squad lo cubre todo. Facilitar un informe de inspecci\u00f3n de Lemon Squad a posibles compradores demuestra transparencia y puede aumentar significativamente la confianza del comprador, haciendo que tu coche destaque en el mercado.   <\/p>\n<\/div>\n\n\n\n<div class=\"wp-block-column is-layout-flow wp-block-column-is-layout-flow\" style=\"flex-basis:15%\"><\/div>\n<\/div>\n\n<p><\/p>\n","protected":false},"excerpt":{"rendered":"<p>TuMec\u00e1nico https:\/\/www.yourmechanic.com\/ YourMechanic ofrece c\u00f3modos servicios m\u00f3viles de inspecci\u00f3n de veh\u00edculos que se desplazan directamente a tu domicilio. Con una red de mec\u00e1nicos certificados, ofrecen inspecciones exhaustivas previas a la compra de 150 puntos que cubren todos los sistemas principales, incluidos el motor, la transmisi\u00f3n, los frenos y la suspensi\u00f3n. Tras la inspecci\u00f3n, recibir\u00e1s un [&hellip;]<\/p>\n","protected":false},"author":1,"featured_media":0,"parent":0,"menu_order":0,"comment_status":"closed","ping_status":"closed","template":"","meta":{"_acf_changed":false,"jetpack_post_was_ever_published":false,"footnotes":""},"class_list":["post-2244","page","type-page","status-publish","hentry"],"acf":[],"yoast_head":"<!-- This site is optimized with the Yoast SEO plugin v25.9 - https:\/\/yoast.com\/wordpress\/plugins\/seo\/ -->\n<title>Inspecciones de Veh\u00edculos - World Auto Auction<\/title>\n<meta name=\"robots\" content=\"index, follow, max-snippet:-1, max-image-preview:large, max-video-preview:-1\" \/>\n<link rel=\"canonical\" href=\"https:\/\/staging.worldautoauction.com\/es\/inspecciones-de-vehiculos\/\" \/>\n<meta property=\"og:locale\" content=\"es_ES\" \/>\n<meta property=\"og:type\" content=\"article\" \/>\n<meta property=\"og:title\" content=\"Inspecciones de Veh\u00edculos - World Auto Auction\" \/>\n<meta property=\"og:description\" content=\"TuMec\u00e1nico https:\/\/www.yourmechanic.com\/ YourMechanic ofrece c\u00f3modos servicios m\u00f3viles de inspecci\u00f3n de veh\u00edculos que se desplazan directamente a tu domicilio. Con una red de mec\u00e1nicos certificados, ofrecen inspecciones exhaustivas previas a la compra de 150 puntos que cubren todos los sistemas principales, incluidos el motor, la transmisi\u00f3n, los frenos y la suspensi\u00f3n. Tras la inspecci\u00f3n, recibir\u00e1s un [&hellip;]\" \/>\n<meta property=\"og:url\" content=\"https:\/\/staging.worldautoauction.com\/es\/inspecciones-de-vehiculos\/\" \/>\n<meta property=\"og:site_name\" content=\"World Auto Auction\" \/>\n<meta property=\"article:publisher\" content=\"https:\/\/www.facebook.com\/Worldautoauction\/\" \/>\n<meta property=\"article:modified_time\" content=\"2025-01-22T23:59:26+00:00\" \/>\n<meta property=\"og:image\" content=\"https:\/\/staging.worldautoauction.com\/wp-content\/uploads\/2025\/07\/Logo-Take-5.png\" \/>\n\t<meta property=\"og:image:width\" content=\"1200\" \/>\n\t<meta property=\"og:image:height\" content=\"630\" \/>\n\t<meta property=\"og:image:type\" content=\"image\/png\" \/>\n<meta name=\"twitter:card\" content=\"summary_large_image\" \/>\n<meta name=\"twitter:site\" content=\"@WAutoAuction\" \/>\n<meta name=\"twitter:label1\" content=\"Tiempo de lectura\" \/>\n\t<meta name=\"twitter:data1\" content=\"1 minuto\" \/>\n<!-- \/ Yoast SEO plugin. -->","yoast_head_json":{"title":"Inspecciones de Veh\u00edculos - World Auto Auction","robots":{"index":"index","follow":"follow","max-snippet":"max-snippet:-1","max-image-preview":"max-image-preview:large","max-video-preview":"max-video-preview:-1"},"canonical":"https:\/\/staging.worldautoauction.com\/es\/inspecciones-de-vehiculos\/","og_locale":"es_ES","og_type":"article","og_title":"Inspecciones de Veh\u00edculos - World Auto Auction","og_description":"TuMec\u00e1nico https:\/\/www.yourmechanic.com\/ YourMechanic ofrece c\u00f3modos servicios m\u00f3viles de inspecci\u00f3n de veh\u00edculos que se desplazan directamente a tu domicilio. Con una red de mec\u00e1nicos certificados, ofrecen inspecciones exhaustivas previas a la compra de 150 puntos que cubren todos los sistemas principales, incluidos el motor, la transmisi\u00f3n, los frenos y la suspensi\u00f3n. Tras la inspecci\u00f3n, recibir\u00e1s un [&hellip;]","og_url":"https:\/\/staging.worldautoauction.com\/es\/inspecciones-de-vehiculos\/","og_site_name":"World Auto Auction","article_publisher":"https:\/\/www.facebook.com\/Worldautoauction\/","article_modified_time":"2025-01-22T23:59:26+00:00","og_image":[{"width":1200,"height":630,"url":"https:\/\/staging.worldautoauction.com\/wp-content\/uploads\/2025\/07\/Logo-Take-5.png","type":"image\/png"}],"twitter_card":"summary_large_image","twitter_site":"@WAutoAuction","twitter_misc":{"Tiempo de lectura":"1 minuto"},"schema":{"@context":"https:\/\/schema.org","@graph":[{"@type":"WebPage","@id":"https:\/\/staging.worldautoauction.com\/es\/inspecciones-de-vehiculos\/","url":"https:\/\/staging.worldautoauction.com\/es\/inspecciones-de-vehiculos\/","name":"Inspecciones de Veh\u00edculos - World Auto Auction","isPartOf":{"@id":"https:\/\/staging.worldautoauction.com\/es\/#website"},"datePublished":"2024-11-15T23:15:59+00:00","dateModified":"2025-01-22T23:59:26+00:00","breadcrumb":{"@id":"https:\/\/staging.worldautoauction.com\/es\/inspecciones-de-vehiculos\/#breadcrumb"},"inLanguage":"es","potentialAction":[{"@type":"ReadAction","target":["https:\/\/staging.worldautoauction.com\/es\/inspecciones-de-vehiculos\/"]}]},{"@type":"BreadcrumbList","@id":"https:\/\/staging.worldautoauction.com\/es\/inspecciones-de-vehiculos\/#breadcrumb","itemListElement":[{"@type":"ListItem","position":1,"name":"Home","item":"https:\/\/staging.worldautoauction.com\/es\/"},{"@type":"ListItem","position":2,"name":"Inspecciones de Veh\u00edculos"}]},{"@type":"WebSite","@id":"https:\/\/staging.worldautoauction.com\/es\/#website","url":"https:\/\/staging.worldautoauction.com\/es\/","name":"World Auto Auction","description":"Quality Used Cars Auctioned at Low Prices.","publisher":{"@id":"https:\/\/staging.worldautoauction.com\/es\/#organization"},"alternateName":"Worldautoauction","potentialAction":[{"@type":"SearchAction","target":{"@type":"EntryPoint","urlTemplate":"https:\/\/staging.worldautoauction.com\/es\/?s={search_term_string}"},"query-input":{"@type":"PropertyValueSpecification","valueRequired":true,"valueName":"search_term_string"}}],"inLanguage":"es"},{"@type":"Organization","@id":"https:\/\/staging.worldautoauction.com\/es\/#organization","name":"World Auto Auction","alternateName":"WorldAutoAuction","url":"https:\/\/staging.worldautoauction.com\/es\/","logo":{"@type":"ImageObject","inLanguage":"es","@id":"https:\/\/staging.worldautoauction.com\/es\/#\/schema\/logo\/image\/","url":"https:\/\/worldautoauction.com\/wp-content\/uploads\/2025\/07\/Logo-Take-3.png","contentUrl":"https:\/\/worldautoauction.com\/wp-content\/uploads\/2025\/07\/Logo-Take-3.png","width":140,"height":140,"caption":"World Auto Auction"},"image":{"@id":"https:\/\/staging.worldautoauction.com\/es\/#\/schema\/logo\/image\/"},"sameAs":["https:\/\/www.facebook.com\/Worldautoauction\/","https:\/\/x.com\/WAutoAuction","https:\/\/www.youtube.com\/@WorldAutoAuction"]}]}},"jetpack_likes_enabled":true,"jetpack_sharing_enabled":true,"_links":{"self":[{"href":"https:\/\/staging.worldautoauction.com\/es\/wp-json\/wp\/v2\/pages\/2244","targetHints":{"allow":["GET"]}}],"collection":[{"href":"https:\/\/staging.worldautoauction.com\/es\/wp-json\/wp\/v2\/pages"}],"about":[{"href":"https:\/\/staging.worldautoauction.com\/es\/wp-json\/wp\/v2\/types\/page"}],"author":[{"embeddable":true,"href":"https:\/\/staging.worldautoauction.com\/es\/wp-json\/wp\/v2\/users\/1"}],"replies":[{"embeddable":true,"href":"https:\/\/staging.worldautoauction.com\/es\/wp-json\/wp\/v2\/comments?post=2244"}],"version-history":[{"count":2,"href":"https:\/\/staging.worldautoauction.com\/es\/wp-json\/wp\/v2\/pages\/2244\/revisions"}],"predecessor-version":[{"id":2337,"href":"https:\/\/staging.worldautoauction.com\/es\/wp-json\/wp\/v2\/pages\/2244\/revisions\/2337"}],"wp:attachment":[{"href":"https:\/\/staging.worldautoauction.com\/es\/wp-json\/wp\/v2\/media?parent=2244"}],"curies":[{"name":"wp","href":"https:\/\/api.w.org\/{rel}","templated":true}]}}